{"id":689,"date":"2024-04-08T19:41:09","date_gmt":"2024-04-08T17:41:09","guid":{"rendered":"https:\/\/nrgproject.pl\/?page_id=689"},"modified":"2024-04-08T19:52:01","modified_gmt":"2024-04-08T17:52:01","slug":"ems-platforma","status":"publish","type":"page","link":"https:\/\/nrgproject.pl\/de\/ems-platforma\/","title":{"rendered":"EMS-Plattform"},"content":{"rendered":"<p>[et_pb_section fb_built=\u201d1\u2033 _builder_version=\u201d4.20.2\u2033 _module_preset=\u201ddefault\u201d background_image=\u201dhttps:\/\/nrgproject.pl\/wp-content\/uploads\/2023\/03\/shutterstock_22362889011-scaled.jpg\u201d parallax=\u201don\u201d hover_enabled=\u201d0\u2033 global_colors_info=\u201d{}\u201d sticky_enabled=\u201d0\u2033][et_pb_row _builder_version=\u201d4.20.2\u2033 _module_preset=\u201ddefault\u201d global_colors_info=\u201d{}\u201d][et_pb_column type=\u201d4_4\u2033 _builder_version=\u201d4.20.2\u2033 _module_preset=&quot;default&quot; global_colors_info=\u201d{}\u201d][et_pb_login Titel = \u201eEMS NRG \u2013 Anmeldebereich\u201c _builder_version = \u201e4.20.2\u201c _module_preset = \u201edefault\u201c box_shadow_style = \u201epreset3\u201c global_colors_info = \u201e{}\u201c]<\/p>\n<p>Ein Energiemanagementsystem (EMS) ist eine Kombination aus Computer- und Netzwerkl\u00f6sungen zur \u00dcberwachung, Steuerung und Optimierung der Energieerzeugung und -verteilung in Industrieanlagen, Gewerbegeb\u00e4uden und Wohnh\u00e4usern. Das Hauptziel eines EMS ist die Steigerung der Energieeffizienz, was zu geringeren Energiekosten und einer geringeren Umweltbelastung durch reduzierte Treibhausgasemissionen f\u00fchrt.<\/p>\n<p>[\/et_pb_login][\/et_pb_column][\/et_pb_row][\/et_pb_section]<\/p>","protected":false},"excerpt":{"rendered":"<p>Ein Energiemanagementsystem (EMS) ist eine Kombination aus Computer- und Netzwerkl\u00f6sungen zur \u00dcberwachung, Steuerung und Optimierung der Energieerzeugung und -verteilung in Industrieanlagen, Gewerbegeb\u00e4uden und Wohnh\u00e4usern. Das Hauptziel eines EMS ist die Steigerung der Energieeffizienz, was zu geringeren Energiekosten und einer geringeren Umweltbelastung durch Emissionsbegrenzung f\u00fchrt.<\/p>","protected":false},"author":1,"featured_media":0,"parent":0,"menu_order":0,"comment_status":"closed","ping_status":"closed","template":"","meta":{"_et_pb_use_builder":"on","_et_pb_old_content":"","_et_gb_content_width":"","footnotes":""},"class_list":["post-689","page","type-page","status-publish","hentry"],"aioseo_notices":[],"_links":{"self":[{"href":"https:\/\/nrgproject.pl\/de\/wp-json\/wp\/v2\/pages\/689","targetHints":{"allow":["GET"]}}],"collection":[{"href":"https:\/\/nrgproject.pl\/de\/wp-json\/wp\/v2\/pages"}],"about":[{"href":"https:\/\/nrgproject.pl\/de\/wp-json\/wp\/v2\/types\/page"}],"author":[{"embeddable":true,"href":"https:\/\/nrgproject.pl\/de\/wp-json\/wp\/v2\/users\/1"}],"replies":[{"embeddable":true,"href":"https:\/\/nrgproject.pl\/de\/wp-json\/wp\/v2\/comments?post=689"}],"version-history":[{"count":9,"href":"https:\/\/nrgproject.pl\/de\/wp-json\/wp\/v2\/pages\/689\/revisions"}],"predecessor-version":[{"id":700,"href":"https:\/\/nrgproject.pl\/de\/wp-json\/wp\/v2\/pages\/689\/revisions\/700"}],"wp:attachment":[{"href":"https:\/\/nrgproject.pl\/de\/wp-json\/wp\/v2\/media?parent=689"}],"curies":[{"name":"wp","href":"https:\/\/api.w.org\/{rel}","templated":true}]}}