{"id":162,"date":"2023-03-20T09:10:09","date_gmt":"2023-03-20T08:10:09","guid":{"rendered":"https:\/\/nrgproject.pl\/?page_id=162"},"modified":"2023-03-23T13:25:40","modified_gmt":"2023-03-23T12:25:40","slug":"nrg-project-kariera","status":"publish","type":"page","link":"https:\/\/nrgproject.pl\/de\/nrg-project-kariera\/","title":{"rendered":"NRG-Projekt - Karriere"},"content":{"rendered":"<p>[et_pb_section fb_built=\u201c1\u2033 admin_label=\u201cHeader\u201c _builder_version=\u201c4.20.2\u2033 background_color=\u201c#f7f7f7\u2033 use_background_color_gradient=\u201con\u201c background_color_gradient_direction=\u201c90deg\u201c background_color_gradient_stops=\u201c#f7f7f7 66%|1 TP 5Tffffff 66%\u201c background_color_gradient_start=\u201c#f7f7f7\u2033 background_color_gradient_start_position = \u201e66%\u201c background_color_gradient_end=\u201c#ffffff\u201c background_color_gradient_end_position=\u201c0%\u201c custom_margin=\u201c|||||&quot; custom_padding=&quot;250px||0px||false|false&quot; background_last_edited=&quot;on|tablet&quot; use_background_color_gradient_tablet=&quot;on&quot; background_color_gradient_stops_tablet=&quot;#f7f7f7 100%|#ffffff 100%&quot; background_color_gradient_start_position_tablet=&quot;1001 TP3T&quot; gesperrt =&quot;aus&quot; global_colors_info=&quot;{} &quot; ][et_pb_row columns_structure=\u201c1_2,1_2\u2033 custom_padding_last_edited=\u201con|phone\u201c padding_left_right_link_1=\u201cfalse\u201c _builder_version=\u201c4.20.2\u201c background_enable_image=\u201coff\u201c background_size=\u201cinitial\u201c background_position=\u201ctop_left\u201c custom_margin=\u201c|| \u201d custom_padding=\u201c|||20px\u201c custom_padding_tablet=\u201c\u201c custom_padding_phone=\u201c|||0px\u201c global_colors_info=\u201c{}\u201c][et_pb_column type=\u201c1_2\u2033 _builder_version=\u201c4.16\u2033 background_repeat=\u201crepeat\u201c custom_padding=\u201c||| &quot; custom_padding_phone=&quot;|||0px&quot; custom_padding_last_edited=&quot;off|phone&quot; global_colors_info=&quot;{}&quot; custom_padding__hover=&quot;|||&quot;][et_pb_text _builder_version=&quot;4.20.2\u2033 text_font=&quot;||||||||&quot; text_font_size=&quot;20px&quot; text_line_height=&quot;1,8em&quot; header_font=&quot;Montserrat||||||||&quot; header_font_size=&quot;60px&quot; header_line_height=&quot;1.3em&quot; custom_margin=&quot;||60px&quot; text_font_size_tablet=&quot;&quot; text_font_size_phone=&quot;14px&quot; text_font_size_last_edited=&quot;on|desktop&quot; header_font_size_tablet=&quot;50px&quot; header_font_size_phone=&quot;30px&quot; header_font_ size_last_edited=\u201don| Telefon \u201d global_colors_info=\u201c{}\u201c]<\/p>\n<h1><span style=\"color: #000000;\">Deine Karriere <\/span>&amp; NRG-Projekt<\/h1>\n<p>Entwickeln Sie im NRG-Projekt innovative L\u00f6sungen f\u00fcr die Branche der erneuerbaren Energien.<\/p>\n<p>&nbsp;<\/p>\n<p>[\/et_pb_text][\/et_pb_column][et_pb_column type=&quot;1_2\u2033 _builder_version=&quot;4.16\u2033 custom_padding=&quot;|||&quot; global_colors_info=&quot;{}&quot; custom_padding__hover=&quot;|||&quot;][et_pb_image src=&quot;https:\/\/nrgproject.pl\/wp-content\/uploads\/2023\/03\/fotowoltaika.jpg&quot; alt=&quot;Energiespeicher mit EMS-System&quot; title_text=\u201cTechnician,And,Investor,Walking,In,Solar,Cell,Farm,Through,Field\u201c _builder_version=\u201c4.20.2\u201c use_background_color_gradient=\u201con\u201c background_color_gradient_stops=\u201crgba(16,40,65,0) 45%| #102841 100%\u201c background_color_gradient_overlays_image=\u201con\u201c background_color_gradient_start=\u201crgba(16,40,65,0)\u201c background_color_gradient_start_position=\u201c45%\u201c background_color_gradient_end=\u201c#102841\u2033 background_image=\u201chttps:\/\/nrgproject.pl\/wp - Inhalt\/Uploads\/2023 \/03\/green-energy-42.jpg&quot; custom_margin=&quot;|-12vw|||false|false&quot; custom_margin_tablet=&quot;0px|||&quot; custom_margin_phone=&quot;&quot; custom_margin_last_edited=&quot;on|desktop&quot; custom_padding=&quot;||0%|||&quot; custom_padding_tablet=\u201c\u201c custom_padding_phone=\u201c||40%\u201c custom_padding_last_edited=\u201con|desktop\u201c box_shadow_style=\u201cpreset1\u2033 global_colors_info=\u201c{}\u201c][\/et_pb_image][\/et_pb_column][\/et_pb_row][\/et_pb_section][et_pb_section fb_built= \u201d1\u2033 admin_label=\u201cServices\u201c _builder_version=\u201c4.16\u2033 custom_padding=\u201c130px|||||&quot; global_colors_info=\u201c{}\u201c][et_pb_row _builder_version=\u201c4.16\u2033 max_width=\u201c700px\u201c module_alignment=\u201ccenter\u201c lock=\u201coff\u201c global_colors_info=\u201c{}\u201c][et_pb_column type=\u201c4_4\u2033 _builder_version=\u201c4.16\u2033 custom_padding= \u201d|||\u201d global_colors_info=&quot;{}&quot; custom_padding__hover=&quot;|||&quot;][et_pb_text _builder_version=&quot;4.20.2\u2033 text_font=&quot;||||||||&quot; text_font_size=&quot;16px&quot; text_line_height=&quot;1,8em&quot; header_font=&quot;||||||||&quot; header_2_font=&quot;Montserrat||||||||&quot; header_2_font_size=&quot;42px&quot; header_2_line_height=&quot;1.2em&quot; text_orientation=&quot;center&quot; max_width=&quot;600px&quot; module_alignment=&quot;center&quot; text_font_size_tablet=&quot;&quot; text_font_size_phone=&quot;14px&quot; text_font_size_last_edited=&quot;on|desktop&quot; header_2_font_size_tablet=&quot;32 px&quot; header_2_font_size _phone= &quot; 26px&quot; header_2_font_size_last_edited=&quot;on|phone&quot; text_text_align=&quot;center&quot; Locked=&quot;off&quot; global_colors_info=&quot;{}&quot;]<\/p>\n<h2>Wen suchen wir?<\/h2>\n<p>&nbsp;<\/p>\n<p>[\/et_pb_text][\/et_pb_column][\/et_pb_row][et_pb_row columns_structure=\u201c1_3,1_3,1_3\u2033 _builder_version=\u201c4.16\u2033 global_colors_info=\u201c{}\u201c][et_pb_column type=\u201c1_3\u2033 _builder_version=\u201c4.16\u2033 custom_padding=\u201c |||&quot; global_colors_info=&quot;{}&quot; custom_padding__hover=&quot;|||&quot;][et_pb_blurb title=&quot;SCADA- und EMS-Systementwickler&quot; image=&quot;https:\/\/nrgproject.pl\/wp-content\/uploads\/2023\/03\/green-energy- icon-14-2.png\u201c _builder_version=\u201c4.20.2\u201c header_font=\u201cBitter||||||||&quot; header_line_height=\u201c1.8em\u201c body_font=\u201c||||||||&quot; body_line_height=&quot;1.8em&quot; text_orientation=&quot;center&quot; body_font_size_tablet=&quot;&quot; body_font_size_phone=&quot;14px&quot; body_font_size_last_edited=&quot;on|desktop&quot; global_colors_info=&quot;{}&quot;][\/et_pb_blurb][\/et_pb_column][et_pb_column type=&quot;1_3\u2033 _builder _version =\u201c4.16\u2033 custom_padding=\u201c|||\u201c global_colors_info=&quot;{}&quot; custom_padding__hover=&quot;|||&quot;][et_pb_blurb title=&quot;Ingenieur in der kaufm\u00e4nnischen Abteilung&quot; image=&quot;https:\/\/nrgproject.pl\/wp-content\/uploads\/2023\/03\/green-energy- icon -18-3.png\u201c _builder_version=\u201c4.20.2\u201c header_font=\u201cBitter||||||||&quot; header_line_height=\u201c1.8em\u201c body_font=\u201c||||||||&quot; body_line_height=&quot;1.8em&quot; text_orientation=&quot;center&quot; body_font_size_tablet=&quot;&quot; body_font_size_phone=&quot;14px&quot; body_font_size_last_edited=&quot;on|desktop&quot; Locked=&quot;off&quot; global_colors_info=&quot;{}&quot;]<\/p>\n<p style=\"text-align: left;\">\u2022 Multichannel-Kundenservice f\u00fcr das Unternehmen<br \/>\u2022 \u00dcberwachung der technischen Dokumentation<br \/>\u2022 Unterst\u00fctzung beim Ausf\u00fcllen von Antr\u00e4gen<br \/>\u2022 Aufbau des Vertriebsnetzes f\u00fcr Produkte rund um die Stromspeicherung<br \/>\u2022 Erfahrungen in der Elektroindustrie sowie Kenntnisse der Grundlagen von Recht und Verwaltung sind willkommen<br \/>\u2022 Unterst\u00fctzung der Abteilung bei aktuellen Projekten und Produktvertriebsaufgaben<\/p>\n<p>[\/et_pb_blurb][\/et_pb_column][et_pb_column type=&quot;1_3\u2033 _builder_version=&quot;4.16\u2033 custom_padding=&quot;|||&quot; global_colors_info=&quot;{}&quot; custom_padding__hover=&quot;|||&quot;][et_pb_blurb title=&quot;Elektrodesigner&quot; image=&quot;https:\/\/nrgproject.pl\/wp-content\/uploads\/2023\/03\/green-energy-icon-1 -2.png\u201c _builder_version=\u201c4.20.2\u201c header_font=\u201cBitter||||||||&quot; header_line_height=\u201c1.8em\u201c body_font=\u201c||||||||&quot; body_line_height=&quot;1.8em&quot; text_orientation=&quot;center&quot; hover_enabled=&quot;0\u2033 body_font_size_tablet=&quot;&quot; body_font_size_phone=&quot;14px&quot; body_font_size_last_edited=&quot;on|desktop&quot; Locked=&quot;off&quot; global_colors_info=&quot;{}&quot; sticky_enabled=&quot;0\u2033]<\/p>\n<p style=\"text-align: left;\">Entwicklung neuer Technologien f\u00fcr die Batterieindustrie, Energiespeicherung und Elektromobilit\u00e4t<br \/>\u00b7 Testen des Systems in jeder Entwicklungsphase<br \/>\u00b7 Erstellen von Architekturen und Diagrammen f\u00fcr analoge und digitale Stromversorgungssysteme, Mikrocontroller und programmierbare Steuerungen.<br \/>\u00b7 \u00dcberpr\u00fcfung von Hardwaresystemen mit Stromversorgungssystemen,<br \/>\u00b7 Entwurf elektronischer Systeme zur Steuerung von Stromversorgungssystemen, Wechselrichtern und programmierbaren Steuerungen.<br \/>\u00b7 Erstellung der Projektdokumentation<\/p>\n<p>[\/et_pb_blurb][\/et_pb_column][\/et_pb_row][\/et_pb_section][et_pb_section fb_built=\u201c1\u2033 admin_label=\u201cFeature\u201c _builder_version=\u201c4.16\u201c use_background_color_gradient=\u201con\u201c background_color_gradient_stops=\u201c#ffffff 0%|rgba ( 255.255.255,0) 100%\u201c background_color_gradient_overlays_image=\u201con\u201c background_color_gradient_start=\u201c#ffffff\u201c background_color_gradient_end=\u201crgba(255,255,255,0)\u201c background_image=\u201chttps:\/\/nrgproject.pl\/wp-content\/uploads\/2023\/03\/green-energy-13.jpg \u201d custom_padding =\u201d||16vw|||&quot; global_colors_info=\u201c{}\u201c][\/et_pb_section][et_pb_section fb_built=\u201c1\u2033 admin_label=\u201cProdukte\u201c _builder_version=\u201c4.16\u2033 global_colors_info=\u201c{}\u201c][et_pb_row _builder_version=\u201c4.16\u2033 max_width=\u201c700px\u201c module_alignment=\u201c center&quot; lock=&quot;off&quot; global_colors_info=&quot;{}&quot;][et_pb_column type=&quot;4_4\u2033 _builder_version=&quot;4.16\u2033 custom_padding=&quot;|||&quot; global_colors_info=&quot;{}&quot; custom_padding__hover=&quot;|||&quot;][et_pb_text _builder_version=&quot;4.20.2\u2033 text_font=&quot;Raleway||||||||&quot; text_font_size=&quot;16px&quot; text_line_height=&quot;1,8em&quot; header_font=&quot;||||||||&quot; header_2_font=&quot;Montserrat||||||||&quot; header_2_font_size=&quot;42px&quot; header_2_line_height=&quot;1.2em&quot; text_orientation=&quot;center&quot; header_2_font_size_tablet=&quot;&quot; header_2_font_size_phone=&quot;36px&quot; header_2_font_size_last_edited=&quot;on|desktop&quot; Locked=&quot;off&quot; global_colors_info=&quot;{}&quot;]<\/p>\n<h2>L\u00f6sungen, die Sie mit uns schaffen k\u00f6nnen<\/h2>\n<p>[\/et_pb_text][\/et_pb_column][\/et_pb_row][et_pb_row columns_structure=\u201c1_2,1_2\u2033 _builder_version=\u201c4.16\u2033 custom_margin=\u201c|||&quot; lock=&quot;off&quot; global_colors_info=&quot;{}&quot;][et_pb_column type=&quot;1_2\u2033 _builder_version=&quot;4.16\u2033 custom_padding=&quot;|||&quot; global_colors_info=&quot;{}&quot; custom_padding__hover=&quot;|||&quot;][et_pb_blurb title=&quot;Wind&quot; image=&quot;https:\/\/nrgproject.pl\/wp-content\/uploads\/2023\/03\/green-energy-icon-2- 2.png&quot; _builder_version=&quot;4.20.2\u2033 header_font=&quot;Bitter||||||||&quot; header_font_size=&quot;30px&quot; header_line_height=&quot;1,6em&quot; body_font=&quot;||||||||&quot; body_text_color=&quot;rgba(0,0,0,0)&quot; body_font_size=&quot;16px&quot; body_line_height=&quot;1.8em&quot; use_background_color_gradient=&quot;on&quot; background_color_gradient_stops=&quot;rgba(16,40,65,0.75) 0%|#102841 84%&quot; background_color_gradient_overlays _image = \u201eon\u201c background_color_gradient_start=\u201crgba(16,40,65,0.75)\u201c background_color_gradient_end=\u201c#102841\u2033 background_color_gradient_end_position=\u201c84%\u201c background_image=\u201chttps:\/\/nrgproject.pl\/wp-content\/uploads\/2023\/03\/green - energie-11.jpg&quot; text_orientation=&quot;center&quot; background_layout=&quot;dark&quot; custom_padding=&quot;120px|40px|0px|40px|false|true&quot; custom_padding_tablet=&quot;60px||60px&quot; custom_padding_phone=&quot;30px||30px&quot; custom_padding_last_edited= &quot; on|phone&quot; body_font_size_tablet=&quot;&quot; body_font_size_phone=&quot;14px&quot; body_font_size_last_edited=&quot;on|desktop&quot; global_colors_info=&quot;{}&quot; body_text_color__hover=&quot;#ffffff&quot; body_text_color__hover_enabled=&quot;on&quot; custom_padding__hover=&quot;100px||140px&quot; custom_padding__h over_enabled=&quot;on &quot;]<\/p>\n<div class=\"flex flex-grow flex-col gap-3\">\n<div class=\"min-h-[20px] flex flex-col items-start gap-4 whitespace-pre-wrap\">\n<div class=\"markdown prose w-full break-words dark:prose-invert dark\">\n<p style=\"text-align: left;\">Eine Karriereentwicklung im Bereich RES (Erneuerbare Energiequellen), insbesondere im Bereich hybrider Windparksysteme mit Energiespeicherung, kann aus mehreren Gr\u00fcnden sehr vorteilhaft sein:<\/p>\n<ul>\n<li style=\"text-align: left;\">Steigende Nachfrage nach erneuerbaren Energien<\/li>\n<li style=\"text-align: left;\">Die Zukunft der Energie<\/li>\n<li style=\"text-align: left;\">Umweltbelastung<\/li>\n<li style=\"text-align: left;\">Professionelle Stabilit\u00e4t<\/li>\n<li style=\"text-align: left;\">Eine Vielzahl von F\u00e4higkeiten<\/li>\n<\/ul>\n<ol><\/ol>\n<\/div>\n<\/div>\n<\/div>\n<p>[\/et_pb_blurb][\/et_pb_column][et_pb_column type=&quot;1_2\u2033 _builder_version=&quot;4.16\u2033 custom_padding=&quot;|||&quot; global_colors_info=&quot;{}&quot; custom_padding__hover=&quot;|||&quot;][et_pb_blurb title=&quot;Transportation&quot; image=&quot;https:\/\/nrgproject.pl\/wp-content\/uploads\/2023\/03\/green-energy-icon-9- 2.png&quot; _builder_version=&quot;4.20.2\u2033 header_font=&quot;Bitter||||||||&quot; header_font_size=&quot;30px&quot; header_line_height=&quot;1,6em&quot; body_font=&quot;||||||||&quot; body_text_color=&quot;rgba(0,0,0,0)&quot; body_font_size=&quot;16px&quot; body_line_height=&quot;1.8em&quot; use_background_color_gradient=&quot;on&quot; background_color_gradient_stops=&quot;rgba(16,40,65,0.75) 0%|#102841 84%&quot; background_color_gradient_overlays _image = \u201eon\u201c background_color_gradient_start=\u201crgba(16,40,65,0.75)\u201c background_color_gradient_end=\u201c#102841\u2033 background_color_gradient_end_position=\u201c84%\u201c background_image=\u201chttps:\/\/nrgproject.pl\/wp-content\/uploads\/2023\/03\/green - energy-40.jpg&quot; text_orientation=&quot;center&quot; background_layout=&quot;dark&quot; custom_padding=&quot;120px|40px|120px|40px|false|true&quot; custom_padding_tablet=&quot;60px||60px&quot; custom_padding_phone=&quot;30px||30px&quot; custom_padding_last_edited= &quot; on|phone&quot; body_font_size_tablet=&quot;&quot; body_font_size_phone=&quot;14px&quot; body_font_size_last_edited=&quot;on|desktop&quot; Locked=&quot;off&quot; global_colors_info=&quot;{}&quot; body_text_color__hover=&quot;#ffffff&quot; body_text_color__hover_enabled=&quot;on&quot; custom_padding__hover=&quot;100px||140px&quot; benutzerdefinierte _padding__hover_enabled = \u201eer\u201c]<\/p>\n<p>Die Karriereentwicklung in der Elektromobilit\u00e4t ist wertvoll aus folgenden Gr\u00fcnden: der wachsenden Nachfrage nach Elektrofahrzeugen, der auf Nachhaltigkeit ausgerichteten Zukunft des Verkehrs, dem Kampf gegen den Klimawandel, beruflicher Stabilit\u00e4t und technologischen Innovationen in einem sich dynamisch entwickelnden Sektor.<\/p>\n<p>[\/et_pb_blurb][\/et_pb_column][\/et_pb_row][et_pb_row columns_structure=\u201c1_2,1_2\u2033 _builder_version=\u201c4.16\u2033 custom_margin=\u201c|||&quot; lock=&quot;off&quot; global_colors_info=&quot;{}&quot;][et_pb_column type=&quot;1_2\u2033 _builder_version=&quot;4.16\u2033 custom_padding=&quot;|||&quot; global_colors_info=&quot;{}&quot; custom_padding__hover=&quot;|||&quot;][et_pb_blurb title=&quot;Energieeffizienz&quot; image=&quot;https:\/\/nrgproject.pl\/wp-content\/uploads\/2023\/03\/green-energy-icon-13 -3.png\u201c _builder_version=\u201c4.20.2\u201c header_font=\u201cBitter||||||||&quot; header_font_size=&quot;30px&quot; header_line_height=&quot;1,6em&quot; body_font=&quot;||||||||&quot; body_text_color=&quot;rgba(0,0,0,0)&quot; body_font_size=&quot;16px&quot; body_line_height=&quot;1.8em&quot; use_background_color_gradient=&quot;on&quot; background_color_gradient_stops=&quot;rgba(16,40,65,0.75) 0%|#102841 84%&quot; background_color_gradient_overlays _image = \u201eon\u201c background_color_gradient_start=\u201crgba(16,40,65,0.75)\u201c background_color_gradient_end=\u201c#102841\u2033 background_color_gradient_end_position=\u201c84%\u201c background_image=\u201chttps:\/\/nrgproject.pl\/wp-content\/uploads\/2023\/03\/green - energie-41.jpg&quot; text_orientation=&quot;center&quot; background_layout=&quot;dark&quot; custom_padding=&quot;120px|40px|120px|40px|false|true&quot; custom_padding_tablet=&quot;60px||60px&quot; custom_padding_phone=&quot;30px||30px&quot; custom_padding_last_edited= &quot; on|phone&quot; body_font_size_tablet=&quot;&quot; body_font_size_phone=&quot;14px&quot; body_font_size_last_edited=&quot;on|desktop&quot; Locked=&quot;off&quot; global_colors_info=&quot;{}&quot; body_text_color__hover=&quot;#ffffff&quot; body_text_color__hover_enabled=&quot;on&quot; custom_padding__hover=&quot;100px||140px&quot; benutzerdefinierte _padding__hover_enabled = \u201eer\u201c]<\/p>\n<div class=\"relative flex w-[calc(100%-50px)] flex-col gap-1 md:gap-3 lg:w-[calc(100%-115px)]\">\n<div class=\"flex flex-grow flex-col gap-3\">\n<div class=\"min-h-[20px] flex flex-col items-start gap-4 whitespace-pre-wrap\">\n<div class=\"markdown prose w-full break-words dark:prose-invert dark\">\n<p>Es lohnt sich, eine Karriere im Bereich Energieeffizienz anzustreben, und zwar aus folgenden Gr\u00fcnden: der wachsenden Nachfrage nach wirtschaftlichen Technologien, dem Wunsch, den CO2-Aussto\u00df zu reduzieren, der beruflichen Stabilit\u00e4t, der Vielfalt der F\u00e4higkeiten und dem Beitrag zum Umweltschutz und zur nachhaltigen Entwicklung.<\/p>\n<\/div>\n<\/div>\n<\/div>\n<div class=\"flex justify-between\">\n<div class=\"text-gray-400 flex self-end lg:self-center justify-center mt-2 gap-3 md:gap-4 lg:gap-1 lg:absolute lg:top-0 lg:translate-x-full lg:right-0 lg:mt-0 lg:pl-2 visible\"><\/div>\n<\/div>\n<\/div>\n<p>[\/et_pb_blurb][\/et_pb_column][et_pb_column type=&quot;1_2\u2033 _builder_version=&quot;4.16\u2033 custom_padding=&quot;|||&quot; global_colors_info=&quot;{}&quot; custom_padding__hover=&quot;|||&quot;][et_pb_blurb title=&quot;Energie-Backup&quot; image=&quot;https:\/\/nrgproject.pl\/wp-content\/uploads\/2023\/03\/green-energy-icon-12 -2.png\u201c _builder_version=\u201c4.20.2\u201c header_font=\u201cBitter||||||||&quot; header_font_size=&quot;30px&quot; header_line_height=&quot;1,6em&quot; body_font=&quot;||||||||&quot; body_text_color=&quot;rgba(0,0,0,0)&quot; body_font_size=&quot;16px&quot; body_line_height=&quot;1.8em&quot; use_background_color_gradient=&quot;on&quot; background_color_gradient_stops=&quot;rgba(16,40,65,0.75) 0%|#102841 84%&quot; background_color_gradient_overlays _image = \u201eon\u201c background_color_gradient_start=\u201crgba(16,40,65,0.75)\u201c background_color_gradient_end=\u201c#102841\u2033 background_color_gradient_end_position=\u201c84%\u201c background_image=\u201chttps:\/\/nrgproject.pl\/wp-content\/uploads\/2023\/03\/green - energie-46.jpg&quot; text_orientation=&quot;center&quot; background_layout=&quot;dark&quot; custom_padding=&quot;120px|40px|120px|40px|false|true&quot; custom_padding_tablet=&quot;60px||60px&quot; custom_padding_phone=&quot;30px||30px&quot; custom_padding_last_edited= &quot; on|phone&quot; body_font_size_tablet=&quot;&quot; body_font_size_phone=&quot;14px&quot; body_font_size_last_edited=&quot;on|desktop&quot; Locked=&quot;off&quot; global_colors_info=&quot;{}&quot; body_text_color__hover=&quot;#ffffff&quot; body_text_color__hover_enabled=&quot;on&quot; custom_padding__hover=&quot;100px||140px&quot; benutzerdefinierte _padding__hover_enabled = \u201eer\u201c]<\/p>\n<div class=\"flex flex-grow flex-col gap-3\">\n<div class=\"min-h-[20px] flex flex-col items-start gap-4 whitespace-pre-wrap\">\n<div class=\"markdown prose w-full break-words dark:prose-invert dark\">\n<p>Aufgrund der wachsenden Nachfrage nach zuverl\u00e4ssigen Energiequellen, der Entwicklung von erneuerbaren Energien und der Elektromobilit\u00e4t, technologischen Innovationen, beruflicher Stabilit\u00e4t und dem Beitrag zur nachhaltigen Energieentwicklung lohnt es sich, eine Karriere im Bereich Batterie-Backup-Systeme anzustreben.<\/p>\n<\/div>\n<\/div>\n<\/div>\n<p>[\/et_pb_blurb][\/et_pb_column][\/et_pb_row][\/et_pb_section][et_pb_section fb_built=\u201c1\u2033 fullwidth=\u201con\u201c admin_label=\u201cFooter\u201c _builder_version=\u201c4.20.2\u2033 width=\u201c90vw\u201c width_tablet=\u201c100%\u201c width_phone=\u201c\u201c width_last_edited=\u201con|desktop\u201c module_alignment=\u201cright\u201c animation_style=\u201cslide\u201c animation_direction=\u201cbottom\u201c Locked=\u201coff\u201c global_colors_info=\u201c{}\u201c][et_pb_fullwidth_header title=\u201cWenn Sie an einer Karriere interessiert sind bei NRG Project \u201d text_orientation=\u201ccenter\u201c button_one_text=\u201coffice@nrgproject.pl\u201c button_one_url=\u201coffice@nrgproject.pl\u201c _builder_version=\u201c4.20.2\u2033 title_font=\u201cMontserrat||||||||&quot; title_font_size=&quot;42px&quot; title_line_height=&quot;1.2em&quot; content_font=&quot;||||||||&quot; content_font_size=&quot;18px&quot; content_line_height=&quot;1.8em&quot; background_enable_color=&quot;off&quot; use_background_color_gradient=&quot;on&quot; background_color_gradient_repeat=&quot;on&quot; background_color_gradient_stops=&quot;rgba(124,218,36,0.13) 0%|rgba(84,84,84,0.71) 100 % \u201ebackground_color_gradient_overlays_image=\u201con\u201c background_image=\u201chttps:\/\/nrgproject.pl\/wp-content\/uploads\/2023\/03\/green-energy-11.jpg\u201c custom_button_one=\u201con\u201c button_one_text_size=\u201c14px\u201c button_one_text_color=\u201c#2a2a2a \u201d button_one_bg_color=&quot;#ffffff&quot; button_one_border_color=&quot;rgba(0,0,0,0)&quot; button_one_border_radius=&quot;100px&quot; button_one_letter_spacing=&quot;2px&quot; button_one_font=&quot;Montserrat|700||on|||||&quot; button_one_icon=&quot;$||divi||400\u2033 button_one_custom_padding=&quot;15px|40px|15px|40px|true|true&quot; custom_button_two=&quot;on&quot; button_two_text_size=&quot;14px&quot; button_two_text_color=&quot;#ffffff&quot; button_two_bg_color=&quot;rgba(255,255,255, 0) \u201d button_two_border_color=\u201c#ffffff\u201c button_two_border_radius=\u201c100px\u201c button_two_letter_spacing=\u201c2px\u201c button_two_font=\u201cRaleway|700||on|||||&quot; button_two_icon=&quot;$||divi||400\u2033 button_two_custom_padding=&quot;15px|40px|15px|40px|true|true&quot; custom_padding=&quot;7vw|10vw|7vw||true|&quot; custom_padding_tablet=&quot;|0vw||&quot; custom_padding_phone=&quot;&quot; custom_padding_last_edited=&quot;on|desktop&quot; title_font_size_tablet=&quot;32px&quot; title_font_size_phone=&quot;26px&quot; title_font_size_last_edited=&quot;on|phone&quot; content_font_size_tablet=&quot;&quot; content_font_size_phone=&quot;14px&quot; content_font_size_last_edited=&quot;on|desktop&quot; custom_ css_header_container=\u201cwi dth: 100% ;\u201c border_width_left=\u201c10px\u201c border_color_left=\u201c#7CDA24\u2033 global_colors_info=\u201c{}\u201c]<\/p>\n<p>Reichen Sie jetzt Ihren Lebenslauf ein<\/p>\n<p>[\/et_pb_fullwidth_header][\/et_pb_section]<\/p>","protected":false},"excerpt":{"rendered":"<p>Ihre Karriere und Ihr NRG-Projekt Entwickeln Sie sich im NRG-Projekt, indem Sie innovative L\u00f6sungen f\u00fcr die Branche der erneuerbaren Energien entwickeln. Wen suchen wir? \u2022 Multi-Channel-Kundenbetreuung des Unternehmens \u2022 Betreuung der technischen Dokumentation \u2022 Unterst\u00fctzung bei der Antragserstellung \u2022 Aufbau des Vertriebsnetzes f\u00fcr Produkte rund um die Stromspeicherung \u2022 Erfahrung in der Elektrobranche und Kenntnisse der rechtlichen und administrativen Grundlagen sind erw\u00fcnscht \u2022 Unterst\u00fctzung f\u00fcr die Abteilung in [\u2026]<\/p>","protected":false},"author":1,"featured_media":0,"parent":0,"menu_order":0,"comment_status":"closed","ping_status":"closed","template":"","meta":{"_et_pb_use_builder":"on","_et_pb_old_content":"","_et_gb_content_width":"","footnotes":""},"class_list":["post-162","page","type-page","status-publish","hentry"],"aioseo_notices":[],"_links":{"self":[{"href":"https:\/\/nrgproject.pl\/de\/wp-json\/wp\/v2\/pages\/162","targetHints":{"allow":["GET"]}}],"collection":[{"href":"https:\/\/nrgproject.pl\/de\/wp-json\/wp\/v2\/pages"}],"about":[{"href":"https:\/\/nrgproject.pl\/de\/wp-json\/wp\/v2\/types\/page"}],"author":[{"embeddable":true,"href":"https:\/\/nrgproject.pl\/de\/wp-json\/wp\/v2\/users\/1"}],"replies":[{"embeddable":true,"href":"https:\/\/nrgproject.pl\/de\/wp-json\/wp\/v2\/comments?post=162"}],"version-history":[{"count":20,"href":"https:\/\/nrgproject.pl\/de\/wp-json\/wp\/v2\/pages\/162\/revisions"}],"predecessor-version":[{"id":324,"href":"https:\/\/nrgproject.pl\/de\/wp-json\/wp\/v2\/pages\/162\/revisions\/324"}],"wp:attachment":[{"href":"https:\/\/nrgproject.pl\/de\/wp-json\/wp\/v2\/media?parent=162"}],"curies":[{"name":"wp","href":"https:\/\/api.w.org\/{rel}","templated":true}]}}