{"id":159,"date":"2023-03-23T10:23:23","date_gmt":"2023-03-23T09:23:23","guid":{"rendered":"https:\/\/nrgproject.pl\/?page_id=159"},"modified":"2023-03-23T10:23:23","modified_gmt":"2023-03-23T09:23:23","slug":"nrg-project-dotacje-ue","status":"publish","type":"page","link":"https:\/\/nrgproject.pl\/de\/nrg-project-dotacje-ue\/","title":{"rendered":"NRG-PROJEKT EU-F\u00f6rdermittel"},"content":{"rendered":"<p>[et_pb_section fb_built=\u201c1\u2033 admin_label=\u201cHeader\u201c _builder_version=\u201c4.20.2\u2033 background_color=\u201c#f7f7f7\u2033 use_background_color_gradient=\u201con\u201c background_color_gradient_direction=\u201c90deg\u201c background_color_gradient_stops=\u201c#f7f7f7 66%|1 TP 5Tffffff 66%\u201c background_color_gradient_start=\u201c#f7f7f7\u2033 background_color_gradient_start_position = \u201e66%\u201c background_color_gradient_end=\u201c#ffffff\u201c background_color_gradient_end_position=\u201c0%\u201c custom_margin=\u201c||||false|false&quot; custom_padding=&quot;250px||0px||false|false&quot; hover_enabled=&quot;0\u2033 background_last_edited=&quot;on|tablet&quot; use_background_color_gradient _tablet =\u201con\u201c background_color_gradient_stops_tablet=\u201c#f7f7f7 100%|#ffffff 100%\u201c background_color_gradient_start_position_tablet=\u201c100%\u201c Locked=\u201coff\u201c global_colors_info=\u201c{}\u201c sticky_enabled=\u201c0\u2033][et_p b_row columns_structure=\u201c1_2, 1_2\u2033 custom_padding_last_edited=\u201con |phone \u201d padding_left_right_link_1=\u201cfalse\u201c _builder_version=\u201c4.16\u2033 background_image=\u201chttps:\/\/nrgproject.pl\/wp-content\/uploads\/2023\/03\/green-energy-20.png\u201c background_size=\u201cinitial\u201c background_position=\u201c top_left\u201c custom_padding=\u201c|||20px\u201c custom_padding_tablet=\u201c\u201c custom_padding_phone=\u201c|||0px\u201c global_colors_info=\u201c{}\u201c][et_pb_column type=\u201c1_2\u2033 _builder_version=\u201c4.16\u2033 background_repeat=\u201crepeat\u201c custom_padding=\u201c| 20px| |\u201c custom_padding_tablet=&quot;|0px||&quot; custom_padding_phone=&quot;|0px||&quot; custom_padding_last_edited=&quot;on|tablet&quot; global_colors_info=&quot;{}&quot; custom_padding__hover=&quot;|||&quot;][et_pb_text _builder_version=&quot;4.20.2\u2033 text_font=&quot;||||||||&quot; text_font_size=&quot;20px&quot; text_line_height=&quot;1,8em&quot; header_font=&quot;Montserrat||||||||&quot; header_font_size=&quot;60px&quot; header_line_height=&quot;1.3em&quot; custom_margin=&quot;||60px&quot; hover_enabled=&quot;0\u2033 text_font_size_tablet=&quot;&quot; text_font_size_phone=&quot;14px&quot; text_font_size_last_edited=&quot;on|desktop&quot; header_font_size_tablet=&quot;50px&quot; header_font_size_phone =&quot;30px&quot; header_fon t_size_last_edited =\u201con|phone\u201c global_colors_info=\u201c{}\u201c sticky_enabled=\u201c0\u2033]<\/p>\n<h1>Europ\u00e4ische Fonds<\/h1>\n<p>Europ\u00e4ische Fonds zur Innovationsf\u00f6rderung: Wie das NRG-Projekt Zusch\u00fcsse f\u00fcr Forschung, Entwicklung und Innovation verwendet.<\/p>\n<p>Bei NRG Project sind wir uns bewusst, dass Innovation und technologischer Fortschritt das Ergebnis von Zusammenarbeit, Wissens- und Erfahrungsaustausch sind. Daher engagieren wir uns mit Begeisterung in verschiedenen Partnerschaften und Konsortien mit dem Ziel, Forschungs- und F&amp;E-Projekte im Bereich LFP-Batterien zu entwickeln.<\/p>\n<p>Wir sind offen f\u00fcr die Zusammenarbeit mit Universit\u00e4ten, Forschungsinstituten, anderen Unternehmen und Organisationen des \u00f6ffentlichen Sektors, die gemeinsame Ziele im Zusammenhang mit der Entwicklung der LFP-Batterietechnologie verfolgen. Wir glauben, dass wir durch die B\u00fcndelung unserer Kr\u00e4fte bessere Ergebnisse erzielen, den Fortschritt beschleunigen und die Zukunft des Energiesektors beeinflussen k\u00f6nnen.[\/et_pb_text][\/et_pb_column][et_pb_column type=\u201c1_2\u2033 _builder_version=\u201c4.16\u2033 custom_padding=\u201c||| \u201d global_colors_info=&quot;{}&quot; custom_padding__hover=&quot;|||&quot;][et_pb_image src=&quot;https:\/\/nrgproject.pl\/wp-content\/uploads\/2023\/03\/green-energy-14.png&quot;_builder_version=&quot;4.20. 2\u2033 use_background_color_gradient=\u201con\u201c background_color_gradient_stops=\u201crgba(16,40,65,0) 45%|#102841 100%\u201c background_color_gradient_overlays_image=\u201con\u201c background_color_gradient_start=\u201crgba(16,40,65,0)\u201c background_color_gradient_start_ position=\u201c45%\u201c background_color_gradient_end =&quot;#102841\u2033 background_image=&quot;https:\/\/nrgproject.pl\/wp-content\/uploads\/2023\/03\/green-energy-42.jpg&quot; custom_margin=&quot;-100px|-12vw||&quot; custom_margin_tablet=&quot;0px|||&quot; custom_margin_phone=&quot;&quot; custom_margin_last_edited=&quot;on|tablet&quot; custom_padding=&quot;||100%|||&quot; custom_padding_tablet=&quot;||40%&quot; custom_padding_phone=&quot;||40%&quot; custom_padding_last_edited=&quot;on|tablet&quot; hover_enabled=&quot;0\u2033 global_colors_info=&quot;{}&quot; sticky_enabled=&quot;0\u2033 title_text=&quot;green-energy-42&quot; transform_translate_linked=&quot;off \u201d transform_translate=\u201c0px|68px\u201c][\/et_pb_image][\/et_pb_column][\/et_pb_row][\/et_pb_section][et_pb_section fb_built=\u201c1\u2033 admin_label=\u201cFeatures\u201c _builder_version=\u201c4.16\u2033 background_image=\u201chttps:\/\/nrgproject .pl\/wp-content\/uploads\/2023\/03\/green-energy-34.png\u201c background_size=\u201cinitial\u201c background_position=\u201ctop_left\u201c custom_padding=\u201c0px|||||&quot; lock=\u201coff\u201c global_colors_info=\u201c{}\u201c][et_pb_row columns_structure=\u201c1_3,1_3,1_3\u2033 _builder_version=\u201c4.16\u2033 custom_margin=\u201c|||\u201c custom_padding=&quot;0px|||||&quot; lock=\u201coff\u201c global_colors_info=\u201c{}\u201c][et_pb_column type=\u201c1_3\u2033 _builder_version=\u201c4.16\u2033 custom_padding=\u201c|||\u201c global_colors_info=&quot;{}&quot; custom_padding__hover=&quot;|||&quot;][et_pb_blurb title=&quot;Wissens- und Erfahrungsaustausch&quot; image=&quot;https:\/\/nrgproject.pl\/wp-content\/uploads\/2023\/03\/green-energy- icon -17-2.png\u201c _builder_version=\u201c4.20.2\u201c header_font=\u201cMontserrat||||||||&quot; header_font_size=&quot;30px&quot; header_line_height=&quot;1,6em&quot; body_font=&quot;||||||||&quot; body_font_size=&quot;16px&quot; body_line_height=&quot;1.8em&quot; use_background_color_gradient=&quot;on&quot; background_color_gradient_stops=&quot;rgba(67,89,233,0.85) 0%|#4359e9 84%&quot; background_color_gradient_overlays_image=&quot;on&quot; background_color_gradient_start=&quot;rgba (67.89 .233.0.85)&quot; background_color_gradient_end =\u201c#4359e9\u2033 background_color_gradient_end_position=\u201c84%\u201c background_image=\u201chttps:\/\/nrgproject.pl\/wp-content\/uploads\/2023\/03\/green-energy-11.jpg\u201c text_orientation=\u201ccenter\u201c background_layout=\u201cdark\u201c custom_padding= \u201e120px|40px|120px|40px|false|true\u201c custom_padding_tablet=\u201c60px||60px\u201c custom_padding_phone=\u201c30px||30px\u201c custom_padding_last_edited=\u201con|phone\u201c hover_enabled=\u201c0\u2033 body_font_size_tablet=\u201c\u201c body_font_size_phone=\u201c14px\u201c body_font_size_last_edited=&quot;on|desktop&quot; global_colors_info=&quot;{}&quot; body_text_color__hover=&quot;#ffffff&quot; custom_padding__hover=&quot;100px||140px&quot; custom_padding__hover_enabled=&quot;on&quot; sticky_enabled=&quot;0\u2033]<\/p>\n<p>Durch die Zusammenarbeit teilen wir Wissen, Erfahrungen und F\u00e4higkeiten und streben danach, gemeinsame Forschungsziele zu erreichen.<\/p>\n<p>[\/et_pb_blurb][\/et_pb_column][et_pb_column type=&quot;1_3\u2033 _builder_version=&quot;4.16\u2033 custom_padding=&quot;|||&quot; global_colors_info=&quot;{}&quot; custom_padding__hover=&quot;|||&quot;][et_pb_blurb title=&quot;Gemeinsame Entwicklung der Technologie&quot; image=&quot;https:\/\/nrgproject.pl\/wp-content\/uploads\/2023\/03\/green-energy-icon - 15-2.png\u201c _builder_version=\u201c4.20.2\u201c header_font=\u201cMontserrat||||||||&quot; header_font_size=&quot;30px&quot; header_line_height=&quot;1,6em&quot; body_font=&quot;||||||||&quot; body_font_size=&quot;16px&quot; body_line_height=&quot;1.8em&quot; use_background_color_gradient=&quot;on&quot; background_color_gradient_stops=&quot;rgba(67,89,233,0.85) 0%|#4359e9 84%&quot; background_color_gradient_overlays_image=&quot;on&quot; background_color_gradient_start=&quot;rgba (67.89 .233.0.85)&quot; background_color_gradient_end =\u201c#4359e9\u2033 background_color_gradient_end_position=\u201c84%\u201c background_image=\u201chttps:\/\/nrgproject.pl\/wp-content\/uploads\/2023\/03\/green-energy-11.jpg\u201c text_orientation=\u201ccenter\u201c background_layout=\u201cdark\u201c custom_padding= \u201e120px|40px|120px|40px|false|true\u201c custom_padding_tablet=\u201c60px||60px\u201c custom_padding_phone=\u201c30px||30px\u201c custom_padding_last_edited=\u201con|phone\u201c hover_enabled=\u201c0\u2033 body_font_size_tablet=\u201c\u201c body_font_size_phone=\u201c14px\u201c body_font_size_last_edited=&quot;on|desktop&quot; Locked=&quot;off&quot; global_colors_info=&quot;{}&quot; body_text_color__hover=&quot;#ffffff&quot; custom_padding__hover=&quot;100px||140px&quot; custom_padding__hover_enabled=&quot;on&quot; sticky_enabled=&quot;0\u2033]<\/p>\n<p>Wir b\u00fcndeln unsere Kr\u00e4fte, um innovative L\u00f6sungen im Bereich LFP-Batterien zu entwickeln und deren Effizienz und Zuverl\u00e4ssigkeit zu steigern.<\/p>\n<p>[\/et_pb_blurb][\/et_pb_column][et_pb_column type=&quot;1_3\u2033 _builder_version=&quot;4.16\u2033 custom_padding=&quot;|||&quot; global_colors_info=&quot;{}&quot; custom_padding__hover=&quot;|||&quot;][et_pb_blurb title=&quot;Die Zukunft der Energie gestalten&quot; image=&quot;https:\/\/nrgproject.pl\/wp-content\/uploads\/2023\/03\/green-energy- icon- 10-2.png\u201c _builder_version=\u201c4.20.2\u2033 header_font=\u201cMontserrat||||||||&quot; header_font_size=&quot;30px&quot; header_line_height=&quot;1,6em&quot; body_font=&quot;||||||||&quot; body_font_size=&quot;16px&quot; body_line_height=&quot;1.8em&quot; use_background_color_gradient=&quot;on&quot; background_color_gradient_stops=&quot;rgba(67,89,233,0.85) 0%|#4359e9 84%&quot; background_color_gradient_overlays_image=&quot;on&quot; background_color_gradient_start=&quot;rgba (67.89 .233.0.85)&quot; background_color_gradient_end =\u201c#4359e9\u2033 background_color_gradient_end_position=\u201c84%\u201c background_image=\u201chttps:\/\/nrgproject.pl\/wp-content\/uploads\/2023\/03\/green-energy-11.jpg\u201c text_orientation=\u201ccenter\u201c background_layout=\u201cdark\u201c custom_padding= \u201e120px|40px|120px|40px|false|true\u201c custom_padding_tablet=\u201c60px||60px\u201c custom_padding_phone=\u201c30px||30px\u201c custom_padding_last_edited=\u201con|phone\u201c hover_enabled=\u201c0\u2033 body_font_size_tablet=\u201c\u201c body_font_size_phone=\u201c14px\u201c body_font_size_last_edited=&quot;on|desktop&quot; Locked=&quot;off&quot; global_colors_info=&quot;{}&quot; body_text_color__hover=&quot;#ffffff&quot; custom_padding__hover=&quot;100px||140px&quot; custom_padding__hover_enabled=&quot;on&quot; sticky_enabled=&quot;0\u2033]<\/p>\n<p>Gemeinsam tragen wir durch Innovation zur nachhaltigen Energieentwicklung und zum Umweltschutz bei.<\/p>\n<p>[\/et_pb_blurb][\/et_pb_column][\/et_pb_row][\/et_pb_section][et_pb_section fb_built=\u201c1\u2033 admin_label=\u201cCall To Action\u201c _builder_version=\u201c4.16\u201c use_background_color_gradient=\u201con\u201c background_color_gradient_stops=\u201crgba(16,40,65 ) ,0) 0%|#102841 84%\u201c background_color_gradient_overlays_image=\u201con\u201c background_color_gradient_start=\u201crgba(16,40,65,0)\u201c background_color_gradient_end=\u201c#102841\u2033 background_color_gradient_end_position=\u201c84%\u201c background_image=\u201chttps:\/\/ n rgproject.pl\/ wp-content\/uploads\/2023\/03\/green-energy-33.jpg&quot; custom_padding=&quot;100px||0px|||&quot; lock=\u201coff\u201c global_colors_info=\u201c{}\u201c][et_pb_row _builder_version=\u201c4.20.2\u2033 background_color=\u201c#ffffff\u201c transform_translate_linked=\u201coff\u201c max_width=\u201cnone\u201c custom_margin=\u201c||\u201c custom_padding=\u201c120px|4vw|120px|4vw|false|true\u201c hover_enabled=\u201c0\u2033 box_shadow_style=\u201cpreset1\u2033 box_shadow_vertical=\u201c24px\u201c box_shadow_blur=\u201c100px\u201c box_shadow_spread=\u201c-30px\u201c box_shadow_color=\u201crgba(0,0, 0,0.24)\u201c lock=\u201coff\u201c global_colors_info=\u201c{}\u201c sticky_enabled=\u201c0\u2033][et_pb_column type=\u201c4_4\u2033 _builder_version=\u201c4.16\u2033 custom_padding=\u201c|||\u201c global_colors_info=&quot;{}&quot; custom_padding__hover=&quot;|||&quot;][et_pb_image src=&quot;https:\/\/nrgproject.pl\/wp-content\/uploads\/2023\/03\/green-energy-icon-18-2.png&quot; ausrichten =\u201ccenter\u201c _builder_version=\u201c4.20.2\u2033 hover_enabled=\u201c0\u2033 global_colors_info=\u201c{}\u201c sticky_enabled=\u201c0\u2033][\/et_pb_image][et_pb_text _builder_version=\u201c4.20.2\u2033 text_font=\u201c|||||| ||\u201c text_font_size=&quot;20px&quot; text_line_height=&quot;1,8em&quot; header_font=&quot;||||||||&quot; header_2_font=&quot;Montserrat||||||||&quot; header_2_font_size=&quot;42px&quot; header_2_line_height=&quot;1.2em&quot; text_orientation=&quot;center&quot; max_width=&quot;440px&quot; module_alignment=&quot;center&quot; hover_enabled=&quot;0\u2033 text_font_size_tablet=&quot;&quot; text_font_size_phone=&quot;14px&quot; text_font_size_last_edited=&quot;on|phone&quot; header_2_fon t_size_tablet= \u201d \u201d header_2_font_size_phone=\u201c32px\u201c header_2_font_size_last_edited=\u201con|phone\u201c global_colors_info=\u201c{}\u201c sticky_enabled=\u201c0\u2033]<\/p>\n<h2>Umgesetzte Projekte<\/h2>\n<p>[\/et_pb_text][et_pb_image src=&quot;https:\/\/nrgproject.pl\/wp-content\/uploads\/2023\/03\/bon.png&quot; _builder_version=&quot;4.20.2\u2033 _module_preset=&quot;default&quot; title_text=&quot;bon&quot; hover_enabled= \u201d0\u2033 sticky_enabled=\u201d0\u2033][\/et_pb_image][\/et_pb_column][\/et_pb_row][\/et_pb_section]<\/p>","protected":false},"excerpt":{"rendered":"<p>Europ\u00e4ische Fonds Europ\u00e4ische Fonds zur Innovationsf\u00f6rderung: Wie das NRG-Projekt Zusch\u00fcsse f\u00fcr Forschung, Entwicklung und Innovation verwendet. Bei NRG Project sind wir uns bewusst, dass Innovation und technologischer Fortschritt das Ergebnis von Zusammenarbeit, Wissens- und Erfahrungsaustausch sind. Aus diesem Grund engagieren wir uns mit Begeisterung in verschiedenen Partnerschaften und Konsortien, die sich die Entwicklung von Forschungs- und F&amp;E-Projekten in der [\u2026]<\/p>","protected":false},"author":1,"featured_media":0,"parent":0,"menu_order":0,"comment_status":"closed","ping_status":"closed","template":"","meta":{"_et_pb_use_builder":"on","_et_pb_old_content":"","_et_gb_content_width":"","footnotes":""},"class_list":["post-159","page","type-page","status-publish","hentry"],"aioseo_notices":[],"_links":{"self":[{"href":"https:\/\/nrgproject.pl\/de\/wp-json\/wp\/v2\/pages\/159","targetHints":{"allow":["GET"]}}],"collection":[{"href":"https:\/\/nrgproject.pl\/de\/wp-json\/wp\/v2\/pages"}],"about":[{"href":"https:\/\/nrgproject.pl\/de\/wp-json\/wp\/v2\/types\/page"}],"author":[{"embeddable":true,"href":"https:\/\/nrgproject.pl\/de\/wp-json\/wp\/v2\/users\/1"}],"replies":[{"embeddable":true,"href":"https:\/\/nrgproject.pl\/de\/wp-json\/wp\/v2\/comments?post=159"}],"version-history":[{"count":15,"href":"https:\/\/nrgproject.pl\/de\/wp-json\/wp\/v2\/pages\/159\/revisions"}],"predecessor-version":[{"id":282,"href":"https:\/\/nrgproject.pl\/de\/wp-json\/wp\/v2\/pages\/159\/revisions\/282"}],"wp:attachment":[{"href":"https:\/\/nrgproject.pl\/de\/wp-json\/wp\/v2\/media?parent=159"}],"curies":[{"name":"wp","href":"https:\/\/api.w.org\/{rel}","templated":true}]}}