{"id":157,"date":"2023-03-20T08:55:16","date_gmt":"2023-03-20T07:55:16","guid":{"rendered":"https:\/\/nrgproject.pl\/?page_id=157"},"modified":"2024-10-01T13:47:40","modified_gmt":"2024-10-01T11:47:40","slug":"kontakt-do-nrg-project","status":"publish","type":"page","link":"https:\/\/nrgproject.pl\/de\/kontakt-do-nrg-project\/","title":{"rendered":"Kontakt zum NRG-Projekt"},"content":{"rendered":"<p>[et_pb_section fb_built=\u201c1\u2033 admin_label=\u201cHeader\u201c _builder_version=\u201c4.20.2\u2033 background_color=\u201c#f7f7f7\u2033 use_background_color_gradient=\u201con\u201c background_color_gradient_direction=\u201c90deg\u201c background_color_gradient_stops=\u201c#f7f7f7 66%|1 TP 5Tffffff 66%\u201c background_color_gradient_start=\u201c#f7f7f7\u2033 background_color_gradient_start_position = \u201e66%\u201c background_color_gradient_end=\u201c#ffffff\u201c background_color_gradient_end_position=\u201c0%\u201c custom_margin=\u201c||||false|false&quot; custom_padding=&quot;219px||0px||false|false&quot; background_last_edited=&quot;on|tablet&quot; use_background_color_gradient_tablet=&quot;on&quot; background_color_grad ient_stops_tablet =\u201c#f7f7f7 100%|#ffffff 100%\u201c background_color_gradient_start_position_tablet=\u201c100%\u201c Locked=\u201coff\u201c global_colors_info=\u201c{}\u201c][et_pb_row columns_structure=\u201c2_5,3_5\u2033 use_custom_gutter=\u201con\u201c gutter_width=\u201c2\u2033 custom_padding_last_edited=\u201con |desktop \u201epadding_left_right_link_1=\u201cfalse\u201c _builder_version=\u201c4.20.2\u2033 background_enable_image=\u201coff\u201c background_size=\u201cinitial\u201c background_position=\u201ctop_left\u201c width=\u201c90%\u201c max_width=\u201cnone\u201c custom_padding=\u201c||0px|20px|| &quot; custom_padding_tablet=&quot;&quot; custom_padding_phone=&quot;|||0px&quot; global_colors_info=&quot;{}&quot;][et_pb_column type=&quot;2_5\u2033 _builder_version=&quot;4.16\u2033 background_repeat=&quot;repeat&quot; custom_padding=&quot;|||&quot; custom_padding_phone=&quot;|||0px&quot; custom_padding_last_edited=&quot;off|phone&quot; global_colors_info=&quot;{}&quot; custom_padding__hover=&quot;|||&quot;][et_pb_text _builder_version=&quot;4.20.2\u2033 text_font=&quot;||||||||&quot; text_font_size=&quot;16px&quot; text_line_height=&quot;1,8em&quot; header_font=&quot;Montserrat||||||||&quot; header_font_size=&quot;60px&quot; header_line_height=&quot;1.3em&quot; custom_margin=&quot;||60px&quot; text_font_size_tablet=&quot;&quot; text_font_size_phone=&quot;14px&quot; text_font_size_last_edited=&quot;on|desktop&quot; header_font_size_tablet=&quot;50px&quot; header_font_size_phone=&quot;30px&quot; header_font_ size_last_edited=\u201don| Telefon \u201d global_colors_info=\u201c{}\u201c]<\/p>\n<h1><span style=\"color: #black;\">Kontakt <\/span><\/h1>\n<h1><span style=\"color: #black;\">mit uns<\/span><\/h1>\n<p><strong>Design, Produktion<\/strong><br \/><strong>und Vertriebsabteilung:<\/strong><br \/>NRG Project sp. z o.o<br \/>st. \u0141\u00f3d\u017a 78<br \/>95-054 Ksawer\u00f3w<br \/>biuro@nrgproject.pl<br \/>42 215 15 15<\/p>\n<p>[\/et_pb_text][\/et_pb_column][et_pb_column type=&quot;3_5\u2033 _builder_version=&quot;4.16\u2033 custom_padding=&quot;|||&quot; global_colors_info=&quot;{}&quot; custom_padding__hover=&quot;|||&quot;][et_pb_video src=&quot;https:\/\/youtu.be\/Gd3Z0B350bQ&quot; _builder_version=&quot;4.20.2\u2033 _module_preset=&quot;default&quot; custom_padding=&quot;75px||||| &quot; sticky_limit_bottom=&quot;column&quot; box_shadow_style=&quot;preset3\u2033 global_colors_info=&quot;{}&quot;][\/et_pb_video][\/et_pb_column][\/et_pb_row][\/et_pb_section][et_pb_section fb_built=&quot;1\u2033 _builder_version=&quot;4.20.2\u2033 _module_preset=&quot; default\u201c global_colors_info=\u201c{}\u201c][et_pb_row columns_structure=\u201c2_5,3_5\u2033 _builder_version=\u201c4.20.2\u201c _module_preset=\u201cdefault\u201c width=\u201c100%\u201c max_width=\u201cnone\u201c global_colors_info=\u201c{}\u201c][et_pb_column type =&quot;2_5\u2033 _builder_version=&quot;4.20.2\u2033 _module_preset=&quot;default&quot; global_colors_info=&quot;{}&quot;][\/et_pb_column][et_pb_column type=&quot;3_5\u2033 _builder_version=&quot;4.20.2\u2033 _module_preset=&quot;default&quot; global_colors_info=&quot;{ }&quot;][et_pb_code _builder_version=&quot;4.20.2\u2033 _module_preset=&quot;default&quot; box_shadow_style=&quot;preset1\u2033 global_colors_info=&quot;{}&quot;]<iframe src=\"https:\/\/www.google.com\/maps\/embed?pb=!1m18!1m12!1m3!1d3898.9662993054903!2d19.400607297664294!3d51.678265622462874!2m3!1f0!2f0!3f0!3m2!1i1024!2i768!4f13.1!3m3!1m2!1s0x471a371474867693%3A0xae0f2eba6b0ae816!2sMagazyn%20energii!5e0!3m2!1spl!2spl!4v1679298607303!5m2!1spl!2spl\" width=\"1100\" height=\"600\" style=\"border:0;\" allowfullscreen=\"\" loading=\"lazy\" referrerpolicy=\"no-referrer-when-downgrade\"><\/iframe>[\/et_pb_code][\/et_pb_column][\/et_pb_row][et_pb_row columns_structure=\u201c1_2,1_2\u2033 _builder_version=\u201c4.20.2\u201c background_color=\u201c#4359e9\u2033 transform_scale_tablet=\u201c\u201c transform_scale_phone=\u201c\u201c transform_scale_last_edited=\u201con|tablet\u201c transform_translate = &quot;0px|-161px&quot; transform_translate_tablet=&quot;-10vw|0px&quot; transform_translate_phone=&quot;&quot; transform_translate_last_edited=&quot;on|phone&quot; transform_translate_linked=&quot;off&quot; transform_rotate_tablet=&quot;&quot; transform_rotate_phone=&quot;&quot; transform_rotate_last_edited=&quot;on|desktop&quot; transform_skew_tablet=&quot;&quot; transform_skew_phone =\u201c\u201c transform_skew_last_edited=\u201con|desktop\u201c transform_origin_tablet=\u201c\u201c transform_origin_phone=\u201c\u201c transform_origin_last_edited=\u201con|desktop\u201c transform_styles_last_edited=\u201con|phone\u201c z_index=\u201c10\u2033 width_last_edited=\u201coff|phone\u201c max_width=\u201cnone\u201c module_alignment =&quot;left&quot; custom_margin=&quot;|auto|-50px|auto||&quot; custom_padding=&quot;50px|30px|50px|30px|true|true&quot; transform_styles_tablet=&quot;&quot; transform_styles_phone=&quot;&quot; module_alignment_phone=&quot;center&quot; module_alignment_last_edited=&quot;off|desktop&quot; border_radii=&quot;||10vw|10vw|&quot; global_colors_info=&quot;{}&quot;][et_pb_column type=&quot;1_2\u2033 _builder_version=&quot;4.16\u2033 custom_padding=&quot;|||&quot; global_colors_info=&quot;{}&quot; custom_padding__hover=&quot;|||&quot;][et_pb_text _builder_version=&quot;4.20.2\u2033 text_font=&quot;||||||||&quot; header_font=&quot;||||||||&quot; header_2_font=&quot;Montserrat||||||||&quot; header_2_font_size=&quot;24px&quot; header_2_line_height=&quot;1.4em&quot; background_layout=&quot;dark&quot; custom_margin=&quot;||0px|||&quot; header_2_font_size_tablet=\u201c\u201c header_2_font_size_phone=\u201c20px\u201c header_2_font_size_last_edited=\u201con|phone\u201c global_colors_info=\u201c{}\u201c]<\/p>\n<h2>NRG Project sp. z o.o<br \/>\nst. \u0141\u00f3d\u017a 78<br \/>\n95-054 Ksawer\u00f3w<\/h2>\n<p>[\/et_pb_text][\/et_pb_column][et_pb_column type=&quot;1_2\u2033 _builder_version=&quot;4.16\u2033 custom_padding=&quot;|||&quot; global_colors_info=&quot;{}&quot; custom_padding__hover=&quot;|||&quot;][et_pb_text _builder_version=&quot;4.20.2\u2033 text_font=&quot;||||||||&quot; header_font=&quot;||||||||&quot; header_2_font=&quot;Montserrat||||||||&quot; header_2_font_size=&quot;24px&quot; header_2_line_height=&quot;1.4em&quot; background_layout=&quot;dark&quot; custom_margin=&quot;||0px|||&quot; header_2_font_size_tablet=\u201c\u201c header_2_font_size_phone=\u201c20px\u201c header_2_font_size_last_edited=\u201con|phone\u201c Locked=\u201coff\u201c global_colors_info=\u201c{}\u201c]<\/p>\n<h2>biuro@nrgproject.pl<br \/>42 215 15 15<\/h2>\n<p>[\/et_pb_text][et_pb_button button_text=&quot;Hotline&quot; _builder_version=&quot;4.20.2\u2033 custom_button=&quot;on&quot; button_text_size=&quot;14px&quot; button_text_color=&quot;#72f297\u2033 button_bg_color=&quot;rgba(0,0,0,0)&quot; button_border_color=&quot; rgba(0,0,0,0)\u201c button_border_radius=\u201c100px\u201c button_letter_spacing=\u201c2px\u201c button_font=\u201cRaleway|700||on|||||&quot; button_icon=&quot;$||divi||400\u2033 custom_padding=&quot;0px||0px|0px|true|false&quot; lock=&quot;off&quot; global_colors_info=&quot;{}&quot;][\/et_pb_button][\/et_pb_column][\/et_pb_row][ \/et_pb_section][et_pb_section fb_built=\u201c1\u2033 custom_padding_last_edited=\u201con|phone\u201c admin_label=\u201cKontaktformular\u201c _builder_version=\u201c4.16\u2033 background_image=\u201chttps:\/\/nrgproject.pl\/wp-content\/uploads\/2023\/03\/green -energy-22.png&quot; background_size=&quot;initial&quot; background_position=&quot;center_left&quot; background_repeat=&quot;repeat-x&quot; custom_padding=&quot;0px|||||&quot; custom_padding_tablet=&quot;80px|||&quot; custom_padding_phone=\u201c\u201c global_colors_info=\u201c{}\u201c][et_pb_row _builder_version=\u201c4.16\u2033 background_color=\u201c#ffffff\u201c custom_padding=\u201c5vw|5vw|5vw|5vw|true|true\u201c box_shadow_style=\u201cpreset1\u2033 box_shadow_vertical=\u201c24px\u201c box_shadow_blur= \u201e100px\u201c box_shadow_spread=\u201c-30px\u201c box_shadow_color=\u201crgba(0,0,0,0.24)\u201c global_colors_info=\u201c{}\u201c][et_pb_column type=\u201c4_4\u2033 _builder_version=\u201c4.16\u2033 custom_padding=\u201c|||\u201c global_colors_info=&quot;{}&quot; custom_padding__hover=&quot;|||&quot;][et_pb_text _builder_version=&quot;4.20.2\u2033 text_font=&quot;||||||||&quot; text_font_size=&quot;16px&quot; text_line_height=&quot;1,8em&quot; header_font=&quot;||||||||&quot; header_2_font=&quot;Montserrat||||||||&quot; header_2_font_size=&quot;42px&quot; header_2_line_height=&quot;1.2em&quot; text_orientation=&quot;center&quot; max_width=&quot;600px&quot; module_alignment=&quot;center&quot; text_font_size_tablet=&quot;&quot; text_font_size_phone=&quot;14px&quot; text_font_size_last_edited=&quot;on|desktop&quot; header_2_font_size_tablet=&quot;32 px&quot; header_2_font_size _phone= &quot; 26px&quot; header_2_font_size_last_edited=&quot;on|phone&quot; text_text_align=&quot;center&quot; Locked=&quot;off&quot; global_colors_info=&quot;{}&quot;]<\/p>\n<h2>Kontakt Formular<\/h2>\n<p>[\/et_pb_text][et_pb_contact_form captcha=\u201coff\u201c email=\u201cbiuro@nrgproject.pl\u201c custom_message=\u201cKontakt von nrgproject.pl:||et_pb_line_break_holder||%%Name%%||et_pb_line_break_holder||%%Email%1TP3 T|| et_pb_line_break_holder||%%Phone%%|| et_pb_line_break_holder||%%Subject%%||et_pb_line_break_holder||%%Message%%&quot; subscribe_button_text=&quot;Senden&quot; _builder_version=&quot;4.20.2&quot; form_field_background_color=&quot;rgba(0,0,0,0)&quot; form_field_font= \u201d||| |||||&quot; form_field_font_size=&quot;14px&quot; form_field_line_height=&quot;1.8em&quot; custom_button=&quot;on&quot; button_text_size=&quot;14px&quot; button_text_color=&quot;#ffffff&quot; button_bg_color=&quot;#35d764\u2033 button_border_color=&quot;rgba(0,0,0,0)&quot; button_border_radius=&quot;100px&quot; button_letter_spacing=&quot;2px&quot; button_font=&quot;Raleway|700||on|||||&quot; button_icon=&quot;$||divi||400\u2033 button_custom_padding=&quot;20px|40px|20px|40px|true|true&quot; custom_margin=&quot;50px||&quot; border_width_all=&quot;2px&quot; border_color_all=&quot;#e6e6e6\u2033 global_colors_info=&quot;{}&quot;][et_pb_contact_field field_id=&quot;Name&quot; field_title=&quot;Name&quot; _builder_version=&quot;4.20.2&quot; global_colors_info=&quot;{}&quot; button_text_size__hover_enabled=&quot;off&quot; button_ one_text_size__hover_enabled = \u201eaus\u201c button_two_text_size__hover_enabled=&quot;aus&quot; button_text_color__hover_enabled=&quot;aus&quot; button_one_text_color__hover_enabled=&quot;aus&quot; button_two_text_color__hover_enabled=&quot;aus&quot; button_border_width__hover_enabled=&quot;aus&quot; button_one_border_width__hover_enabled=&quot;aus&quot; button_two_border_width__ hover_enabled=&quot; aus&quot; button_border_color__hover_enabled=&quot;aus&quot; button_one_border_color__hover_enabled=&quot;aus&quot; button_two_border_color__hover_enabled =&quot;aus&quot; button_border_radius__hover_enabled=&quot;aus&quot; button_one_border_radius__hover_enabled=&quot;aus&quot; button_two_border_radius__hover_enabled=&quot;aus&quot; button_letter_spacing__hover_enabled=&quot;aus&quot; button_one_letter_spacing__hover_enabled=&quot;aus&quot; button_two_letter_spacing__hover_enabled=&quot;aus&quot; button_ bg_color__h over_enabled=&quot;aus&quot; button_one_bg_color__hover_enabled=&quot;aus&quot; button_two_bg_color__hover_enabled=&quot;aus&quot; ] [\/et_pb_contact_field][et_pb_contact_field field_id=&quot;Email&quot; field_title=&quot;Email&quot; field_type=&quot;email&quot; _builder_version=&quot;4.20.2\u2033 global_colors_info=&quot;{}&quot; button_text_size__hover_enabled=&quot;off&quot; button_one_text_size__hover_enabled=&quot;off&quot; button_two_text_size__hover_ aktiviert=&quot;off &quot; button_text_color__hover_enabled =&quot;aus&quot; button_one_text_color__hover_enabled=&quot;aus&quot; button_two_text_color__hover_enabled=&quot;aus&quot; button_border_width__hover_enabled=&quot;aus&quot; button_one_border_width__hover_enabled=&quot;aus&quot; button_two_border_width__hover_enabled=&quot;aus&quot; button_border_color__hover_enabled=&quot;aus&quot; Schaltfl\u00e4che _one_border_ color__hover_enabled=&quot;aus&quot; button_two_border_color__hover_enabled=&quot;aus&quot; button_border_radius__hover_enabled=&quot; aus&quot; button_one_border_radius__hover_enabled =&quot;aus&quot; button_two_border_radius__hover_enabled=&quot;aus&quot; button_letter_spacing__hover_enabled=&quot;aus&quot; button_one_letter_spacing__hover_enabled=&quot;aus&quot; button_two_letter_spacing__hover_enabled=&quot;aus&quot; button_bg_color__hover_enabled=&quot;aus&quot; button_one_bg_color__ hover_enabled=&quot;off&quot; button_two_ bg_color__hover_enabled=&quot;off&quot;][\/et_pb_contact_field][et_pb_contact_field field_id=&quot;Telefon &quot;field_title=&quot;Nr. Telefon&quot; _builder_version=&quot;4.20.2\u2033 global_colors_info=&quot;{}&quot; button_text_size__hover_enabled=&quot;aus&quot; button_one_text_size__hover_enabled=&quot;aus&quot; button_two_text_size__hover_enabled=&quot;aus&quot; button_text_color__hover_enabled=&quot;aus&quot; button_one_text_color__hover_enabled=&quot;aus&quot; button_two_text _color__hover_en abled=&quot;aus&quot; button_border_width__hover_enabled=&quot;aus &quot; button_one_border_width__hover_enabled=&quot;aus&quot; button_two_border_width__hover_enabled=&quot;aus&quot; button_border_color__hover_enabled=&quot;aus&quot; button_one_border_color__hover_enabled=&quot;aus&quot; button_two_border_color__hover_enabled=&quot;aus&quot; button_border_radius__hover_enabled=&quot;aus&quot; button_one_border_radius __hover_enabled=&quot;aus &quot; button_two_border_radius__hover_enabled=&quot;aus&quot; button_letter_spacing__hover_enabled=&quot;aus&quot; button_one_letter_spacing__hover_enabled=&quot; aus&quot; button_two_letter_spacing__hover_enabled=&quot;aus&quot; button_bg_color__hover_enabled=&quot;aus&quot; button_one_bg_color__hover_enabled=&quot;aus&quot; button_two_bg_color__hover_enabled=&quot;aus&quot;][\/et_pb_contact_field][et_pb_contact_field field_id=&quot;Betreff&quot; field_title=&quot;Betreff&quot; _builder_ version=\u201d4.20. 2\u2033 global_colors_info=\u201c {}\u201c button_text_size__hover_enabled=&quot;aus&quot; button_one_text_size__hover_enabled=&quot;aus&quot; button_two_text_size__hover_enabled=&quot;aus&quot; button_text_color__hover_enabled=&quot;aus&quot; button_one_text_color__hover_enabled=&quot;aus&quot; button_two_text_color__hover_enabled=&quot;aus&quot; button_border_width__hover_enabled=&quot;aus&quot; button_one_ border_width__hover_enabled=&quot;aus&quot; button_two_border_width__hover_enabled=&quot;aus&quot; button_border_color__hover_enabled= \u201eaus\u201c button_one_border_color__hover_enabled=&quot;aus&quot; button_two_border_color__hover_enabled=&quot;aus&quot; button_border_radius__hover_enabled=&quot;aus&quot; button_one_border_radius__hover_enabled=&quot;aus&quot; button_two_border_radius__hover_enabled=&quot;aus&quot; button_letter_spacing__hover_enabled=&quot;aus&quot; button_one_letter_spa cing__hover_ aktiviert = \u201eaus\u201c button_two_letter_spacing__hover_enabled = \u201eaus\u201c button_bg_color__hover_enabled = \u201eaus\u201c button_one_bg_color__hover_enabled =&quot;off&quot; button_two_bg_color__hover_enabled=\u201coff\u201c][\/et_pb_contact_field][et_pb_contact_field field_id=\u201cMessage\u201c field_title=\u201cMessage\u201c field_type=\u201ctext\u201c fullwidth_field=\u201con\u201c _builder_version=\u201c4.20.2\u2033 global_colors_info=\u201c{}\u201c button_text_size__hover_enabled = &quot;aus&quot; button_one_text_size__hover_enabled=&quot;aus&quot; button_two_text_size__hover_enabled=&quot;aus&quot; button_text_color__hover_enabled=&quot;aus&quot; button_one_text_color__hover_enabled=&quot;aus&quot; button_two_text_color__hover_enabled=&quot;aus&quot; button_border_width__hover_enabled=&quot;aus&quot; button_one_border_width__hover_enabled =&quot; aus&quot; button_two_border_width__hover_enabled=&quot;aus&quot; button_border_color__hover_enabled=&quot;aus&quot; button_one_border_color__hover_enabled =&quot;aus&quot; button_two_border_color__hover_enabled=&quot;aus&quot; button_border_radius__hover_enabled=&quot;aus&quot; button_one_border_radius__hover_enabled=&quot;aus&quot; button_two_border_radius__hover_enabled=&quot;aus&quot; button_letter_spacing__hover_enabled=&quot;aus&quot; button_one_letter_spacing__hover_enabled=&quot;aus&quot; button_two_letter_spacing__hover _enabled=&quot;aus&quot; button_bg_color__hover_enabled=&quot;aus&quot; button_one_bg_color__hover_enabled=&quot;aus&quot; button_two_bg_color__hover_enabled=&quot;off&quot; ][\/et_pb_contact_field][\/et_pb_contact_form][\/et_pb_column][\/et_pb_row][et_pb_row columns_structure=\u201c1_2,1_2\u2033 _builder_version=\u201c4.16\u2033 custom_padding=\u201c0px|||||&quot; lock=&quot;off&quot; global_colors_info=&quot;{}&quot;][et_pb_column type=&quot;1_2\u2033 _builder_version=&quot;4.16\u2033 custom_padding=&quot;|||&quot; global_colors_info=&quot;{}&quot; custom_padding__hover=&quot;|||&quot;][et_pb_image src=&quot;https:\/\/nrgproject.pl\/wp-content\/uploads\/2023\/03\/green-energy-23.png&quot; align=&quot;center&quot; _builder_version=\u201c4.16\u2033 global_colors_info=\u201c{}\u201c][\/et_pb_image][\/et_pb_column][et_pb_column type=\u201c1_2\u2033 _builder_version=\u201c4.16\u2033 custom_padding=\u201c|||\u201c global_colors_info=&quot;{}&quot; custom_padding__hover=&quot;|||&quot;][\/et_pb_column][\/et_pb_row][\/et_pb_section]<\/p>","protected":false},"excerpt":{"rendered":"<p>Kontaktieren Sie uns Design-, Produktions- und Vertriebsabteilung: NRG Project sp. z o. O. ul. \u0141\u00f3dzka 7895-054 Ksawer\u00f3wbiuro@nrgproject.pl +48 215 15 15 NRG Project sp. z o. O. ul. \u0141\u00f3dzka 7895-054 Ksawer\u00f3wbiuro@nrgproject.pl +48 215 15 15 Kontaktformular<\/p>","protected":false},"author":1,"featured_media":0,"parent":0,"menu_order":0,"comment_status":"closed","ping_status":"closed","template":"","meta":{"_et_pb_use_builder":"on","_et_pb_old_content":"","_et_gb_content_width":"","footnotes":""},"class_list":["post-157","page","type-page","status-publish","hentry"],"aioseo_notices":[],"_links":{"self":[{"href":"https:\/\/nrgproject.pl\/de\/wp-json\/wp\/v2\/pages\/157","targetHints":{"allow":["GET"]}}],"collection":[{"href":"https:\/\/nrgproject.pl\/de\/wp-json\/wp\/v2\/pages"}],"about":[{"href":"https:\/\/nrgproject.pl\/de\/wp-json\/wp\/v2\/types\/page"}],"author":[{"embeddable":true,"href":"https:\/\/nrgproject.pl\/de\/wp-json\/wp\/v2\/users\/1"}],"replies":[{"embeddable":true,"href":"https:\/\/nrgproject.pl\/de\/wp-json\/wp\/v2\/comments?post=157"}],"version-history":[{"count":17,"href":"https:\/\/nrgproject.pl\/de\/wp-json\/wp\/v2\/pages\/157\/revisions"}],"predecessor-version":[{"id":728,"href":"https:\/\/nrgproject.pl\/de\/wp-json\/wp\/v2\/pages\/157\/revisions\/728"}],"wp:attachment":[{"href":"https:\/\/nrgproject.pl\/de\/wp-json\/wp\/v2\/media?parent=157"}],"curies":[{"name":"wp","href":"https:\/\/api.w.org\/{rel}","templated":true}]}}